{"id":1464,"date":"2023-04-20T07:53:59","date_gmt":"2023-04-20T05:53:59","guid":{"rendered":"https:\/\/jr-ahmc.com\/avis-juridique"},"modified":"2023-07-27T13:46:10","modified_gmt":"2023-07-27T11:46:10","slug":"avis-juridique","status":"publish","type":"page","link":"https:\/\/jr-ahmc.com\/fr\/avis-juridique","title":{"rendered":"Avis juridique"},"content":{"rendered":"\t\t<div data-elementor-type=\"wp-page\" data-elementor-id=\"1464\" class=\"elementor elementor-1464 elementor-1459\" data-elementor-post-type=\"page\">\n\t\t\t\t\t\t\t\t\t<section class=\"elementor-section elementor-top-section elementor-element elementor-element-f1dd195 elementor-section-boxed elementor-section-height-default elementor-section-height-default\" data-id=\"f1dd195\" data-element_type=\"section\">\n\t\t\t\t\t\t<div class=\"elementor-container elementor-column-gap-default\">\n\t\t\t\t\t<div class=\"elementor-column elementor-col-100 elementor-top-column elementor-element elementor-element-0fab94e\" data-id=\"0fab94e\" data-element_type=\"column\">\n\t\t\t<div class=\"elementor-widget-wrap elementor-element-populated\">\n\t\t\t\t\t\t\t\t<div class=\"elementor-element elementor-element-c979003 elementor-widget elementor-widget-text-editor\" data-id=\"c979003\" data-element_type=\"widget\" data-widget_type=\"text-editor.default\">\n\t\t\t\t<div class=\"elementor-widget-container\">\n\t\t\t<style>\/*! elementor - v3.16.0 - 20-09-2023 *\/\n.elementor-widget-text-editor.elementor-drop-cap-view-stacked .elementor-drop-cap{background-color:#69727d;color:#fff}.elementor-widget-text-editor.elementor-drop-cap-view-framed .elementor-drop-cap{color:#69727d;border:3px solid;background-color:transparent}.elementor-widget-text-editor:not(.elementor-drop-cap-view-default) .elementor-drop-cap{margin-top:8px}.elementor-widget-text-editor:not(.elementor-drop-cap-view-default) .elementor-drop-cap-letter{width:1em;height:1em}.elementor-widget-text-editor .elementor-drop-cap{float:left;text-align:center;line-height:1;font-size:50px}.elementor-widget-text-editor .elementor-drop-cap-letter{display:inline-block}<\/style>\t\t\t\t<p><strong><em>JR &amp; AHMC Consulting est une SASU au capital de 10 200 Euros &#8211; immatricul\u00e9e au Registre du Commerce de Paris sous le num\u00e9ro RCS 951 175 470 R.C.S. Paris. L&rsquo;entreprise est situ\u00e9e au 60 Rue Fran\u00e7ois 1er 75008 France.<\/em><\/strong><\/p>\n\t\t\t\t\t\t<\/div>\n\t\t\t\t<\/div>\n\t\t\t\t\t<\/div>\n\t\t<\/div>\n\t\t\t\t\t\t\t<\/div>\n\t\t<\/section>\n\t\t\t\t\t\t\t<\/div>\n\t\t","protected":false},"excerpt":{"rendered":"<p>JR &amp; AHMC Consulting est une SASU au capital de 10 200 Euros &#8211; immatricul\u00e9e au Registre du Commerce de Paris sous le num\u00e9ro RCS 951 175 470 R.C.S. Paris. L&rsquo;entreprise est situ\u00e9e au 60 Rue Fran\u00e7ois 1er 75008 France.<\/p>\n","protected":false},"author":1,"featured_media":0,"parent":0,"menu_order":0,"comment_status":"closed","ping_status":"closed","template":"","meta":{"_eb_attr":"","om_disable_all_campaigns":false,"_uag_custom_page_level_css":"","_monsterinsights_skip_tracking":false,"_monsterinsights_sitenote_active":false,"_monsterinsights_sitenote_note":"","_monsterinsights_sitenote_category":0,"site-sidebar-layout":"no-sidebar","site-content-layout":"page-builder","ast-global-header-display":"","ast-banner-title-visibility":"","ast-main-header-display":"","ast-hfb-above-header-display":"","ast-hfb-below-header-display":"","ast-hfb-mobile-header-display":"","site-post-title":"disabled","ast-breadcrumbs-content":"","ast-featured-img":"disabled","footer-sml-layout":"","theme-transparent-header-meta":"","adv-header-id-meta":"","stick-header-meta":"","header-above-stick-meta":"","header-main-stick-meta":"","header-below-stick-meta":"","footnotes":""},"class_list":["post-1464","page","type-page","status-publish","hentry"],"aioseo_notices":[],"uagb_featured_image_src":{"full":false,"thumbnail":false,"medium":false,"medium_large":false,"large":false,"1536x1536":false,"2048x2048":false},"uagb_author_info":{"display_name":"MayamaCoumaTeneTraoreBad","author_link":"https:\/\/jr-ahmc.com\/fr\/author\/mayamacoumatenetraorebad"},"uagb_comment_info":0,"uagb_excerpt":"JR &amp; AHMC Consulting est une SASU au capital de 10 200 Euros &#8211; immatricul\u00e9e au Registre du Commerce de Paris sous le num\u00e9ro RCS 951 175 470 R.C.S. Paris. L&rsquo;entreprise est situ\u00e9e au 60 Rue Fran\u00e7ois 1er 75008 France.","_links":{"self":[{"href":"https:\/\/jr-ahmc.com\/fr\/wp-json\/wp\/v2\/pages\/1464","targetHints":{"allow":["GET"]}}],"collection":[{"href":"https:\/\/jr-ahmc.com\/fr\/wp-json\/wp\/v2\/pages"}],"about":[{"href":"https:\/\/jr-ahmc.com\/fr\/wp-json\/wp\/v2\/types\/page"}],"author":[{"embeddable":true,"href":"https:\/\/jr-ahmc.com\/fr\/wp-json\/wp\/v2\/users\/1"}],"replies":[{"embeddable":true,"href":"https:\/\/jr-ahmc.com\/fr\/wp-json\/wp\/v2\/comments?post=1464"}],"version-history":[{"count":3,"href":"https:\/\/jr-ahmc.com\/fr\/wp-json\/wp\/v2\/pages\/1464\/revisions"}],"predecessor-version":[{"id":1762,"href":"https:\/\/jr-ahmc.com\/fr\/wp-json\/wp\/v2\/pages\/1464\/revisions\/1762"}],"wp:attachment":[{"href":"https:\/\/jr-ahmc.com\/fr\/wp-json\/wp\/v2\/media?parent=1464"}],"curies":[{"name":"wp","href":"https:\/\/api.w.org\/{rel}","templated":true}]}}