{"id":1144,"date":"2023-03-15T06:18:52","date_gmt":"2023-03-15T05:18:52","guid":{"rendered":"https:\/\/jr-ahmc.com\/?page_id=1144"},"modified":"2023-08-01T00:15:07","modified_gmt":"2023-07-31T22:15:07","slug":"contact-us","status":"publish","type":"page","link":"https:\/\/jr-ahmc.com\/fr\/contact-us","title":{"rendered":"Contactez-Nous"},"content":{"rendered":"\t\t<div data-elementor-type=\"wp-page\" data-elementor-id=\"1144\" class=\"elementor elementor-1144 elementor-1370\" data-elementor-post-type=\"page\">\n\t\t\t\t\t\t\t\t\t<section class=\"elementor-section elementor-top-section elementor-element elementor-element-d2892f6 elementor-section-boxed elementor-section-height-default elementor-section-height-default\" data-id=\"d2892f6\" data-element_type=\"section\">\n\t\t\t\t\t\t<div class=\"elementor-container elementor-column-gap-default\">\n\t\t\t\t\t<div class=\"elementor-column elementor-col-100 elementor-top-column elementor-element elementor-element-15c3650\" data-id=\"15c3650\" data-element_type=\"column\">\n\t\t\t<div class=\"elementor-widget-wrap elementor-element-populated\">\n\t\t\t\t\t\t\t\t<div class=\"elementor-element elementor-element-dbffc2a elementor-widget elementor-widget-text-editor\" data-id=\"dbffc2a\" data-element_type=\"widget\" data-widget_type=\"text-editor.default\">\n\t\t\t\t<div class=\"elementor-widget-container\">\n\t\t\t<style>\/*! elementor - v3.16.0 - 20-09-2023 *\/\n.elementor-widget-text-editor.elementor-drop-cap-view-stacked .elementor-drop-cap{background-color:#69727d;color:#fff}.elementor-widget-text-editor.elementor-drop-cap-view-framed .elementor-drop-cap{color:#69727d;border:3px solid;background-color:transparent}.elementor-widget-text-editor:not(.elementor-drop-cap-view-default) .elementor-drop-cap{margin-top:8px}.elementor-widget-text-editor:not(.elementor-drop-cap-view-default) .elementor-drop-cap-letter{width:1em;height:1em}.elementor-widget-text-editor .elementor-drop-cap{float:left;text-align:center;line-height:1;font-size:50px}.elementor-widget-text-editor .elementor-drop-cap-letter{display:inline-block}<\/style>\t\t\t\t<h3 style=\"font-size: 1.66667rem; font-style: normal; text-align: center;\"><i>POUR NOUS CONTACTER<\/i><\/h3>\n\t\t\t\t\t\t<\/div>\n\t\t\t\t<\/div>\n\t\t\t\t\t<\/div>\n\t\t<\/div>\n\t\t\t\t\t\t\t<\/div>\n\t\t<\/section>\n\t\t\t\t<section class=\"elementor-section elementor-top-section elementor-element elementor-element-1aca8cf elementor-section-boxed elementor-section-height-default elementor-section-height-default\" data-id=\"1aca8cf\" data-element_type=\"section\">\n\t\t\t\t\t\t<div class=\"elementor-container elementor-column-gap-default\">\n\t\t\t\t\t<div class=\"elementor-column elementor-col-50 elementor-top-column elementor-element elementor-element-25000bc\" data-id=\"25000bc\" data-element_type=\"column\">\n\t\t\t<div class=\"elementor-widget-wrap elementor-element-populated\">\n\t\t\t\t\t\t\t\t<div class=\"elementor-element elementor-element-2bfb485 elementor-widget elementor-widget-image\" data-id=\"2bfb485\" data-element_type=\"widget\" data-widget_type=\"image.default\">\n\t\t\t\t<div class=\"elementor-widget-container\">\n\t\t\t<style>\/*! elementor - v3.16.0 - 20-09-2023 *\/\n.elementor-widget-image{text-align:center}.elementor-widget-image a{display:inline-block}.elementor-widget-image a img[src$=\".svg\"]{width:48px}.elementor-widget-image img{vertical-align:middle;display:inline-block}<\/style>\t\t\t\t\t\t\t\t\t\t\t\t<img loading=\"lazy\" decoding=\"async\" width=\"768\" height=\"1024\" src=\"https:\/\/jr-ahmc.com\/wp-content\/uploads\/2022\/12\/IMG-20210808-WA0015-768x1024.jpg\" class=\"attachment-large size-large wp-image-280\" alt=\"\" srcset=\"https:\/\/jr-ahmc.com\/wp-content\/uploads\/2022\/12\/IMG-20210808-WA0015-768x1024.jpg 768w, https:\/\/jr-ahmc.com\/wp-content\/uploads\/2022\/12\/IMG-20210808-WA0015-225x300.jpg 225w, https:\/\/jr-ahmc.com\/wp-content\/uploads\/2022\/12\/IMG-20210808-WA0015-1152x1536.jpg 1152w, https:\/\/jr-ahmc.com\/wp-content\/uploads\/2022\/12\/IMG-20210808-WA0015.jpg 1224w\" sizes=\"auto, (max-width: 768px) 100vw, 768px\" \/>\t\t\t\t\t\t\t\t\t\t\t\t\t\t\t<\/div>\n\t\t\t\t<\/div>\n\t\t\t\t\t<\/div>\n\t\t<\/div>\n\t\t\t\t<div class=\"elementor-column elementor-col-50 elementor-top-column elementor-element elementor-element-020197a\" data-id=\"020197a\" data-element_type=\"column\">\n\t\t\t<div class=\"elementor-widget-wrap elementor-element-populated\">\n\t\t\t\t\t\t\t\t<div class=\"elementor-element elementor-element-3ee5ebc eael-contact-form-7-button-align-left eael-contact-form-7-button-custom elementor-widget elementor-widget-eael-contact-form-7\" data-id=\"3ee5ebc\" data-element_type=\"widget\" data-widget_type=\"eael-contact-form-7.default\">\n\t\t\t\t<div class=\"elementor-widget-container\">\n\t\t\t<div class=\"eael-contact-form-7-wrapper\">\n                <div class=\"eael-contact-form eael-contact-form-7 eael-contact-form-3ee5ebc placeholder-show eael-contact-form-align-default\">\n<div class=\"wpcf7 no-js\" id=\"wpcf7-f1805-o1\" lang=\"fr-FR\" dir=\"ltr\" data-wpcf7-id=\"1805\">\n<div class=\"screen-reader-response\"><p role=\"status\" aria-live=\"polite\" aria-atomic=\"true\"><\/p> <ul><\/ul><\/div>\n<form action=\"\/fr\/wp-json\/wp\/v2\/pages\/1144#wpcf7-f1805-o1\" method=\"post\" class=\"wpcf7-form init\" aria-label=\"Formulaire de contact\" novalidate=\"novalidate\" data-status=\"init\">\n<div style=\"display: none;\">\n<input type=\"hidden\" name=\"_wpcf7\" value=\"1805\" \/>\n<input type=\"hidden\" name=\"_wpcf7_version\" value=\"6.0.1\" \/>\n<input type=\"hidden\" name=\"_wpcf7_locale\" value=\"fr_FR\" \/>\n<input type=\"hidden\" name=\"_wpcf7_unit_tag\" value=\"wpcf7-f1805-o1\" \/>\n<input type=\"hidden\" name=\"_wpcf7_container_post\" value=\"0\" \/>\n<input type=\"hidden\" name=\"_wpcf7_posted_data_hash\" value=\"\" \/>\n<\/div>\n<p><label> Votre Nom<br \/>\n<span class=\"wpcf7-form-control-wrap\" data-name=\"your-name\"><input size=\"40\" maxlength=\"400\" class=\"wpcf7-form-control wpcf7-text wpcf7-validates-as-required\" autocomplete=\"name\" aria-required=\"true\" aria-invalid=\"false\" value=\"\" type=\"text\" name=\"your-name\" \/><\/span> <\/label>\n<\/p>\n<p><label> Votre e-mail<br \/>\n<span class=\"wpcf7-form-control-wrap\" data-name=\"your-email\"><input size=\"40\" maxlength=\"400\" class=\"wpcf7-form-control wpcf7-email wpcf7-validates-as-required wpcf7-text wpcf7-validates-as-email\" autocomplete=\"email\" aria-required=\"true\" aria-invalid=\"false\" value=\"\" type=\"email\" name=\"your-email\" \/><\/span> <\/label>\n<\/p>\n<p><label> Sujet<br \/>\n<span class=\"wpcf7-form-control-wrap\" data-name=\"your-subject\"><input size=\"40\" maxlength=\"400\" class=\"wpcf7-form-control wpcf7-text wpcf7-validates-as-required\" aria-required=\"true\" aria-invalid=\"false\" value=\"\" type=\"text\" name=\"your-subject\" \/><\/span> <\/label>\n<\/p>\n<p><label> Votre Message<br \/>\n<span class=\"wpcf7-form-control-wrap\" data-name=\"your-message\"><textarea cols=\"40\" rows=\"10\" maxlength=\"2000\" class=\"wpcf7-form-control wpcf7-textarea\" aria-invalid=\"false\" name=\"your-message\"><\/textarea><\/span> <\/label>\n<\/p>\n<p><input class=\"wpcf7-form-control wpcf7-submit has-spinner\" type=\"submit\" value=\"Submit\" \/>\n<\/p><p style=\"display: none !important;\" class=\"akismet-fields-container\" data-prefix=\"_wpcf7_ak_\"><label>&#916;<textarea name=\"_wpcf7_ak_hp_textarea\" cols=\"45\" rows=\"8\" maxlength=\"100\"><\/textarea><\/label><input type=\"hidden\" id=\"ak_js_1\" name=\"_wpcf7_ak_js\" value=\"207\"\/><script>document.getElementById( \"ak_js_1\" ).setAttribute( \"value\", ( new Date() ).getTime() );<\/script><\/p><div class=\"wpcf7-response-output\" aria-hidden=\"true\"><\/div>\n<\/form>\n<\/div>\n<\/div>\n            <\/div>\t\t<\/div>\n\t\t\t\t<\/div>\n\t\t\t\t\t<\/div>\n\t\t<\/div>\n\t\t\t\t\t\t\t<\/div>\n\t\t<\/section>\n\t\t\t\t<section class=\"elementor-section elementor-top-section elementor-element elementor-element-9b14a7d elementor-section-boxed elementor-section-height-default elementor-section-height-default\" data-id=\"9b14a7d\" data-element_type=\"section\">\n\t\t\t\t\t\t<div class=\"elementor-container elementor-column-gap-default\">\n\t\t\t\t\t<div class=\"elementor-column elementor-col-50 elementor-top-column elementor-element elementor-element-152c66f\" data-id=\"152c66f\" data-element_type=\"column\">\n\t\t\t<div class=\"elementor-widget-wrap elementor-element-populated\">\n\t\t\t\t\t\t\t\t<div class=\"elementor-element elementor-element-e999842 elementor-widget elementor-widget-text-editor\" data-id=\"e999842\" data-element_type=\"widget\" data-widget_type=\"text-editor.default\">\n\t\t\t\t<div class=\"elementor-widget-container\">\n\t\t\t\t\t\t\t<div data-scope=\"\" data-repeater-items-indexes=\"\" data-testid=\"richTextElement\">\n<p style=\"font-size: 15px;\"><span style=\"font-weight: bold;\">JR &amp; AHMC Consulting s&rsquo;Engage \u00e0 D\u00e9passer Toutes vos Attentes. Questions, Commentaires ou Demandes Sp\u00e9ciales ? N&rsquo;h\u00e9sitez pas \u00e0 nous Contacter, nous Serons Heureux de vous Aider.<\/span><\/p>\n<\/div>\n<div data-scope=\"\" data-repeater-items-indexes=\"\" data-testid=\"richTextElement\">\n<p style=\"font-size: 15px;\"><span style=\"font-weight: bold;\"><span style=\"font-size: 15px;\">JR &amp; AHMC Consulting, 60 Rue Fran\u00e7ois<\/span><span style=\"font-size: 11.25px;\"> 1er<\/span><span style=\"font-size: 15px;\">&nbsp;75008 Paris France. <\/span><a style=\"font-size: 15px;\" href=\"mailto:contact@hzcconsulting.com\" data-auto-recognition=\"true\">contact@jr-ahmc.com<\/a><\/span><\/p>\n<\/div>\n<div data-scope=\"\" data-repeater-items-indexes=\"\" data-testid=\"richTextElement\">\n<p style=\"font-size: 15px;\"><span style=\"font-weight: bold; font-style: inherit; color: var( --e-global-color-text ); font-family: var( --e-global-typography-text-font-family ), Sans-serif; background-color: var(--ast-global-color-4);\">T\u00e9l\u00e9phones portables :<\/span><br><\/p>\n<ul style=\"font-size: 15px;\">\n<li style=\"font-size: 15px;\">\n<p style=\"font-size: 15px;\"><span style=\"font-weight: bold;\">+33 6 87 51 53 43<\/span><\/p>\n<\/li>\n<li style=\"font-size: 15px;\">\n<p style=\"font-size: 15px;\"><span style=\"font-weight: bold;\">+33 6 40 99 13 25<\/span><\/p>\n<\/li>\n<\/ul>\n<\/div>\t\t\t\t\t\t<\/div>\n\t\t\t\t<\/div>\n\t\t\t\t\t<\/div>\n\t\t<\/div>\n\t\t\t\t<div class=\"elementor-column elementor-col-50 elementor-top-column elementor-element elementor-element-a1f4947\" data-id=\"a1f4947\" data-element_type=\"column\">\n\t\t\t<div class=\"elementor-widget-wrap elementor-element-populated\">\n\t\t\t\t\t\t\t\t<div class=\"elementor-element elementor-element-f141fa8 elementor-widget elementor-widget-image\" data-id=\"f141fa8\" data-element_type=\"widget\" data-widget_type=\"image.default\">\n\t\t\t\t<div class=\"elementor-widget-container\">\n\t\t\t\t\t\t\t\t\t\t\t\t\t\t\t<img loading=\"lazy\" decoding=\"async\" width=\"722\" height=\"486\" src=\"https:\/\/jr-ahmc.com\/wp-content\/uploads\/2023\/08\/Jackie4-retouche.png\" class=\"attachment-large size-large wp-image-1958\" alt=\"\" srcset=\"https:\/\/jr-ahmc.com\/wp-content\/uploads\/2023\/08\/Jackie4-retouche.png 722w, https:\/\/jr-ahmc.com\/wp-content\/uploads\/2023\/08\/Jackie4-retouche-300x202.png 300w\" sizes=\"auto, (max-width: 722px) 100vw, 722px\" \/>\t\t\t\t\t\t\t\t\t\t\t\t\t\t\t<\/div>\n\t\t\t\t<\/div>\n\t\t\t\t\t<\/div>\n\t\t<\/div>\n\t\t\t\t\t\t\t<\/div>\n\t\t<\/section>\n\t\t\t\t\t\t\t<\/div>\n\t\t","protected":false},"excerpt":{"rendered":"<p>POUR NOUS CONTACTER Your Name Your e-mail Subject Your Message &#916; JR &amp; AHMC Consulting s&rsquo;Engage \u00e0 D\u00e9passer Toutes vos Attentes. Questions, Commentaires ou Demandes Sp\u00e9ciales ? N&rsquo;h\u00e9sitez pas \u00e0 nous Contacter, nous Serons Heureux de vous Aider. JR &amp; AHMC Consulting, 60 Rue Fran\u00e7ois 1er&nbsp;75008 Paris France. contact@jr-ahmc.com T\u00e9l\u00e9phones portables : +33 6 87 &hellip;<\/p>\n<p class=\"read-more\"> <a class=\"\" href=\"https:\/\/jr-ahmc.com\/fr\/contact-us\"> <span class=\"screen-reader-text\">Contactez-Nous<\/span> Lire la suite \u00bb<\/a><\/p>\n","protected":false},"author":1,"featured_media":0,"parent":0,"menu_order":0,"comment_status":"closed","ping_status":"closed","template":"","meta":{"_eb_attr":"","om_disable_all_campaigns":false,"_uag_custom_page_level_css":"","_monsterinsights_skip_tracking":false,"_monsterinsights_sitenote_active":false,"_monsterinsights_sitenote_note":"","_monsterinsights_sitenote_category":0,"site-sidebar-layout":"no-sidebar","site-content-layout":"page-builder","ast-global-header-display":"","ast-banner-title-visibility":"","ast-main-header-display":"","ast-hfb-above-header-display":"","ast-hfb-below-header-display":"","ast-hfb-mobile-header-display":"","site-post-title":"disabled","ast-breadcrumbs-content":"","ast-featured-img":"disabled","footer-sml-layout":"","theme-transparent-header-meta":"","adv-header-id-meta":"","stick-header-meta":"","header-above-stick-meta":"","header-main-stick-meta":"","header-below-stick-meta":"","footnotes":""},"class_list":["post-1144","page","type-page","status-publish","hentry"],"aioseo_notices":[],"uagb_featured_image_src":{"full":false,"thumbnail":false,"medium":false,"medium_large":false,"large":false,"1536x1536":false,"2048x2048":false},"uagb_author_info":{"display_name":"MayamaCoumaTeneTraoreBad","author_link":"https:\/\/jr-ahmc.com\/fr\/author\/mayamacoumatenetraorebad"},"uagb_comment_info":0,"uagb_excerpt":"POUR NOUS CONTACTER Your Name Your e-mail Subject Your Message &#916; JR &amp; AHMC Consulting s&rsquo;Engage \u00e0 D\u00e9passer Toutes vos Attentes. Questions, Commentaires ou Demandes Sp\u00e9ciales ? N&rsquo;h\u00e9sitez pas \u00e0 nous Contacter, nous Serons Heureux de vous Aider. JR &amp; AHMC Consulting, 60 Rue Fran\u00e7ois 1er&nbsp;75008 Paris France. contact@jr-ahmc.com T\u00e9l\u00e9phones portables : +33 6 87\u2026","_links":{"self":[{"href":"https:\/\/jr-ahmc.com\/fr\/wp-json\/wp\/v2\/pages\/1144","targetHints":{"allow":["GET"]}}],"collection":[{"href":"https:\/\/jr-ahmc.com\/fr\/wp-json\/wp\/v2\/pages"}],"about":[{"href":"https:\/\/jr-ahmc.com\/fr\/wp-json\/wp\/v2\/types\/page"}],"author":[{"embeddable":true,"href":"https:\/\/jr-ahmc.com\/fr\/wp-json\/wp\/v2\/users\/1"}],"replies":[{"embeddable":true,"href":"https:\/\/jr-ahmc.com\/fr\/wp-json\/wp\/v2\/comments?post=1144"}],"version-history":[{"count":78,"href":"https:\/\/jr-ahmc.com\/fr\/wp-json\/wp\/v2\/pages\/1144\/revisions"}],"predecessor-version":[{"id":1962,"href":"https:\/\/jr-ahmc.com\/fr\/wp-json\/wp\/v2\/pages\/1144\/revisions\/1962"}],"wp:attachment":[{"href":"https:\/\/jr-ahmc.com\/fr\/wp-json\/wp\/v2\/media?parent=1144"}],"curies":[{"name":"wp","href":"https:\/\/api.w.org\/{rel}","templated":true}]}}